{"id":577,"date":"2022-03-21T14:54:03","date_gmt":"2022-03-21T14:54:03","guid":{"rendered":"http:\/\/www.zgodbeoribistvu.si\/?page_id=577"},"modified":"2023-07-03T07:17:20","modified_gmt":"2023-07-03T07:17:20","slug":"knjige-in-prirocniki","status":"publish","type":"page","link":"https:\/\/zgodbeoribistvu.si\/sl\/novice-za-medije\/znanstvene-in-strokovne-objave\/knjige-in-prirocniki\/","title":{"rendered":"Knjige in priro\u010dniki"},"content":{"rendered":"\n<ul class=\"wp-block-list\"><li><strong>Gradivo za turisti\u010dne vodnike<\/strong>: <a href=\"http:\/\/www.zgodbeoribistvu.si\/wp-content\/uploads\/2023\/04\/Turisticni-prirocnik_SPLETNA-IZDAJA_web-1.pdf\" data-type=\"URL\" data-id=\"http:\/\/www.zgodbeoribistvu.si\/wp-content\/uploads\/2023\/04\/Turisticni-prirocnik_SPLETNA-IZDAJA_web-1.pdf\">PO RIBI\u0160KIH POTEH<\/a><\/li><li><strong>Priro\u010dnik za u\u010ditelje tretje triade O\u0160:<\/strong> <a href=\"http:\/\/zgodbeoribistvu.si\/wp-content\/uploads\/2023\/06\/Prirocnik-Ribiske-zgodbe-v-soli_lowres2.pdf\" data-type=\"URL\" data-id=\"http:\/\/zgodbeoribistvu.si\/wp-content\/uploads\/2023\/06\/Prirocnik-Ribiske-zgodbe-v-soli_lowres2.pdf\">RIBI\u0160KE ZGODBE V \u0160OLI <\/a><\/li><\/ul>\n\n\n\n<figure class=\"wp-block-embed is-type-video is-provider-youtube wp-block-embed-youtube wp-embed-aspect-16-9 wp-has-aspect-ratio\"><div class=\"wp-block-embed__wrapper\">\n<iframe loading=\"lazy\" title=\"\u017divljenje ob morju neko\u010d\" width=\"960\" height=\"540\" src=\"https:\/\/www.youtube.com\/embed\/w_WiuFdTnfE?feature=oembed\" frameborder=\"0\" allow=\"accelerometer; autoplay; clipboard-write; encrypted-media; gyroscope; picture-in-picture; web-share\" allowfullscreen><\/iframe>\n<\/div><\/figure>\n","protected":false},"excerpt":{"rendered":"<p>Gradivo za turisti\u010dne vodnike: PO RIBI\u0160KIH POTEH Priro\u010dnik za u\u010ditelje tretje triade O\u0160: RIBI\u0160KE ZGODBE V \u0160OLI<\/p>\n","protected":false},"author":2,"featured_media":4185,"parent":176,"menu_order":3,"comment_status":"closed","ping_status":"closed","template":"","meta":{"_monsterinsights_skip_tracking":false,"_monsterinsights_sitenote_active":false,"_monsterinsights_sitenote_note":"","_monsterinsights_sitenote_category":0,"footnotes":""},"class_list":["post-577","page","type-page","status-publish","has-post-thumbnail","hentry"],"_links":{"self":[{"href":"https:\/\/zgodbeoribistvu.si\/sl\/wp-json\/wp\/v2\/pages\/577","targetHints":{"allow":["GET"]}}],"collection":[{"href":"https:\/\/zgodbeoribistvu.si\/sl\/wp-json\/wp\/v2\/pages"}],"about":[{"href":"https:\/\/zgodbeoribistvu.si\/sl\/wp-json\/wp\/v2\/types\/page"}],"author":[{"embeddable":true,"href":"https:\/\/zgodbeoribistvu.si\/sl\/wp-json\/wp\/v2\/users\/2"}],"replies":[{"embeddable":true,"href":"https:\/\/zgodbeoribistvu.si\/sl\/wp-json\/wp\/v2\/comments?post=577"}],"version-history":[{"count":10,"href":"https:\/\/zgodbeoribistvu.si\/sl\/wp-json\/wp\/v2\/pages\/577\/revisions"}],"predecessor-version":[{"id":4251,"href":"https:\/\/zgodbeoribistvu.si\/sl\/wp-json\/wp\/v2\/pages\/577\/revisions\/4251"}],"up":[{"embeddable":true,"href":"https:\/\/zgodbeoribistvu.si\/sl\/wp-json\/wp\/v2\/pages\/176"}],"wp:featuredmedia":[{"embeddable":true,"href":"https:\/\/zgodbeoribistvu.si\/sl\/wp-json\/wp\/v2\/media\/4185"}],"wp:attachment":[{"href":"https:\/\/zgodbeoribistvu.si\/sl\/wp-json\/wp\/v2\/media?parent=577"}],"curies":[{"name":"wp","href":"https:\/\/api.w.org\/{rel}","templated":true}]}}